{"id":182487,"date":"2021-02-10T14:18:40","date_gmt":"2021-02-10T13:18:40","guid":{"rendered":"https:\/\/startup.info\/ecrire-pour-nous\/"},"modified":"2021-07-14T10:25:47","modified_gmt":"2021-07-14T08:25:47","slug":"escriba-para-nosotros","status":"publish","type":"page","link":"https:\/\/startup.info\/es\/escriba-para-nosotros\/","title":{"rendered":"Escriba para nosotros"},"content":{"rendered":"<p><strong>[Importante: Por favor, p\u00f3ngase en contacto con nosotros s\u00f3lo para los art\u00edculos pagados. Describa su proyecto de art\u00edculo para obtener informaci\u00f3n sobre nuestros precios].<\/strong><\/p>\n<p>Hola a todos. Editores, la comunidad de startup.info da la bienvenida a historias de todo tipo en las columnas de su plataforma l\u00edder de startups.<\/p>\n<p>Con un sitio web que recoge historias, noticias y art\u00edculos dedicados a las startups, nuestra comunidad est\u00e1 creciendo muy r\u00e1pido. Nuestros lectores son principalmente emprendedores en busca de inspiraci\u00f3n, empresas que buscan conectarse con startups, inversores, early adopters y miembros del ecosistema de innovaci\u00f3n en busca de actualizaciones.<\/p>\n<p>Genial, \u00bfno? Todos los escritores sue\u00f1an con llegar a un p\u00fablico de tal tama\u00f1o y calibre. Por eso ofrecemos una gran oportunidad para que los autores o las empresas de nueva creaci\u00f3n ganen visibilidad con una plataforma para difundir la historia de su empresa y su experiencia. Con precios competitivos puede contribuir cualitativamente a nuestra reconocida plataforma. Por supuesto, nos centramos sin concesiones en la calidad por encima de la cantidad.<\/p>\n<h2>\u00bfQu\u00e9 publicamos?<\/h2>\n<p>Startup.info se centra en las noticias sobre la narrativa, el estilo de vida y el negocio de las startups. Buscamos autores o editores que quieran escribir para nosotros y publicamos sus contenidos originales. Estos art\u00edculos revelan c\u00f3mo las peque\u00f1as y medianas empresas comienzan su andadura, cu\u00e1l es el secreto de su negocio, c\u00f3mo utilizan ideas innovadoras y estrategias potentes para establecer su presencia a nivel global, o se ocupan del marketing digital, los recursos humanos o las \u00faltimas innovaciones tecnol\u00f3gicas. Nos gusta trabajar con autores, y rechazamos las contribuciones an\u00f3nimas o las atribuidas al jefe de una empresa. \u00bfLe gustar\u00eda al fundador o al director general de su empresa escribir para nosotros en persona? \u00a1Genial! Tr\u00e1igalos y transmita las siguientes recomendaciones.<\/p>\n<h2>\u00bfQu\u00e9 recomendaciones debe seguir para \u00abescribir para nosotros\u00bb?<\/h2>\n<p><strong>&#8211; Contenido \u00fanico y distintivo<\/strong><\/p>\n<p>Nuestros lectores buscan constantemente historias frescas e ideas innovadoras que les animen a seguir leyendo y a mantenerse comprometidos. Por eso buscamos contenidos que se salgan de la norma. Eso es lo que nos diferencia de otros jugadores. \u00bfTiene ideas o historias \u00fanicas que compartir? Entonces, \u00a1ponga en marcha su teclados y escriba para nosotros!<\/p>\n<p>Para obtener nuevas ideas, no dude en navegar por nuestro sitio y analizar el tipo de art\u00edculos que publicamos. De este modo, podr\u00e1 conocer mejor c\u00f3mo hacemos las cosas y c\u00f3mo puede aportar una nueva perspectiva.<\/p>\n<p><strong>&#8211; Mantener la sencillez y el inter\u00e9s<\/strong><\/p>\n<p>Para empezar, puede tener una idea muy general para el contenido, como \u00abC\u00f3mo lanzar una startup con poco capital\u00bb. Pero en la mayor\u00eda de los casos, la copia con un enfoque simple y estrecho funciona mejor. Al ir directamente al grano, son una contribuci\u00f3n cualitativa que atrae a un gran p\u00fablico. Para escribir art\u00edculos como \u00ab5 cosas que hay que saber antes de invertir en una startup\u00bb u \u00ab8 errores que hay que evitar al lanzar una startup\u00bb, hay que investigar a fondo y ajustar la estrategia a ello. Nuestro contenido pretende animar a la audiencia a leer m\u00e1s y a buscar m\u00e1s informaci\u00f3n.<\/p>\n<p><strong>&#8211; Utilizar ejemplos<\/strong><\/p>\n<p>Las historias de startups que m\u00e1s \u00e9xito tienen en Startup.info son las que ofrecen informaci\u00f3n \u00fatil a otras startups y peque\u00f1as empresas. Vaya al grano, sea sencillo, gen\u00e9rico y, sobre todo, atractivo. Los consejos o las advertencias s\u00f3lo pueden entenderse con ejemplos con los que los lectores puedan identificarse.<\/p>\n<p><strong>&#8211; Art\u00edculos patrocinados<\/strong><\/p>\n<p>S\u00ed, aceptamos art\u00edculos patrocinados de empresas que quieran aumentar su visibilidad al tiempo que financian contenidos de calidad. Tenga en cuenta, sin embargo, que esto no es publicidad de su empresa, pero puede ayudarle a construir una fuerte identidad de marca con nuestros lectores. Por ejemplo, una startup puede querer contar la historia de su viaje desde el principio hasta la cima, c\u00f3mo creci\u00f3, los obst\u00e1culos y retos a los que se enfrent\u00f3 en su exitoso camino&#8230;<\/p>\n<p>S\u00f3lo aceptamos art\u00edculos invitados como art\u00edculos patrocinados (publirreportajes). Para m\u00e1s detalles, p\u00f3ngase en contacto con nosotros a trav\u00e9s del formulario que aparece al final de este art\u00edculo.<\/p>\n<h2>Lo que no publicamos<\/h2>\n<p><strong>&#8211; Demasiada promoci\u00f3n<\/strong><\/p>\n<p>Si est\u00e1 interesado en escribir para nosotros, tenga en cuenta que los art\u00edculos invitados son una forma de compartir sus conocimientos y experiencia con el p\u00fablico. No pretenden promocionar su oferta, sus servicios o su negocio. Tenga en cuenta que nuestros lectores buscan historias de \u00e9xito, consejos y asesoramiento sobre c\u00f3mo lanzar y dirigir una startup con \u00e9xito.<\/p>\n<p><strong>&#8211; Contenidos ya publicados<\/strong><\/p>\n<p>No publicamos art\u00edculos ya publicados en su sitio web, aunque haya realizado cambios. S\u00f3lo aceptamos contenidos originales y \u00fanicos.<\/p>\n<p><strong>&#8211; Contenido copiado<\/strong><\/p>\n<p>No aceptamos art\u00edculos copiados o plagiados. Esto es una violaci\u00f3n importante de nuestra pol\u00edtica y puede resultar en la desactivaci\u00f3n y prohibici\u00f3n de su cuenta.<\/p>\n<p><strong>&#8211; Informaci\u00f3n incorrecta<\/strong><\/p>\n<p>Por favor, tenga cuidado de no publicar informaci\u00f3n incorrecta en su art\u00edculo. Debe escribir citas precisas y acreditarlas. Intente siempre utilizar datos fiables de sitios o fuentes de autoridad y referenciarlos con precisi\u00f3n.<\/p>\n<p><strong>&#8211; El uso de im\u00e1genes<\/strong><\/p>\n<p>Por razones de derechos de autor, no debe a\u00f1adir im\u00e1genes a su contenido antes de envi\u00e1rnoslo. Si son realmente necesarios, los a\u00f1adiremos nosotros mismos.<\/p>\n<p><strong>&#8211; Perfiles personales<\/strong><\/p>\n<p>No aceptamos perfiles personales de fundadores de startups a menos que sean conocidos en su campo.<\/p>\n<h2>Reglas a seguir para publicar un art\u00edculo<\/h2>\n<p>Elija sus temas: Antes de enviar un art\u00edculo, navegue por nuestras publicaciones y encuentre tres ideas de contenido originales que le apasionen y sobre las que pueda escribir un art\u00edculo impactante, bien documentado y en profundidad.<\/p>\n<p>Asignaci\u00f3n de temas: Despu\u00e9s de que nos cuente sus ideas, elegiremos uno de los temas que ha sugerido y le ofreceremos escribir sobre \u00e9l.<\/p>\n<p>Animamos a que las contribuciones se realicen en formato Google Doc, para que nuestros editores puedan ofrecerle comentarios y consejos directamente sobre su borrador.<\/p>\n<p><strong>L\u00edmite de palabras: S\u00f3lo aceptamos art\u00edculos de 1000 palabras o m\u00e1s.<\/strong><\/p>\n<p>Formato de los subt\u00edtulos: Formule los t\u00edtulos adecuados; se requieren los H1, H2.<\/p>\n<p>A\u00f1adir enlaces: A\u00f1ade uno o dos enlaces internos.<\/p>\n<p>No al plagio: Bajo ninguna circunstancia se tolerar\u00e1 el plagio.<\/p>\n<p>Autor: Puede a\u00f1adir una foto y una breve biograf\u00eda del autor.<\/p>\n<p>Presentaci\u00f3n del contenido: Introducir el contenido y resumirlo brevemente.<\/p>\n<p><strong>Tiempo de aprobaci\u00f3n<\/strong>: Al tratarse de un post patrocinado, las mejores contribuciones ser\u00e1n aprobadas en uno o dos d\u00edas laborables. Se le informar\u00e1 por correo electr\u00f3nico.<\/p>\n<p>Edici\u00f3n: Una vez publicado el art\u00edculo, no permitimos ediciones; si son de gran importancia, las haremos nosotros mismos.<\/p>\n<p>Si todo va bien, publicaremos su art\u00edculo en el plazo de una semana y le enviaremos el enlace html por correo electr\u00f3nico.<\/p>\n<h2>\u00bfA qui\u00e9n permitimos publicar?<\/h2>\n<p>Aceptamos colaboraciones de escritores individuales, de startups, de escritores profesionales o de aut\u00f3nomos. Favorecemos el contenido de blogueros, fundadores de startups y, en general, de personas creativas que comparten conocimientos profundos en lugar de conocimientos b\u00e1sicos sobre negocios, startups o marketing.<\/p>\n<p>Sus escritos deben demostrar su capacidad para ofrecer una visi\u00f3n \u00fanica y estrat\u00e9gica basada en su experiencia en el campo: por ejemplo, con posts que incluyan consejos, comentarios, instrucciones, innovaciones, historias de \u00e9xito, etc.<\/p>\n<p>\u00bfQu\u00e9 es un art\u00edculo invitado y cu\u00e1les son las ventajas de \u00abescribir para nosotros\u00bb?<\/p>\n<p>En pocas palabras, un post invitado es un contenido que se publica en un blog o en el sitio web de otra empresa. Muchas plataformas solicitan a los autores que escriban art\u00edculos invitados o posts patrocinados a trav\u00e9s de una p\u00e1gina \u00abEscribe para nosotros\u00bb. En la mayor\u00eda de los casos, los blogueros o escritores invitados se dirigen a sitios web del mismo nicho o sector para :<\/p>\n<p>&#8211; Conseguir backlinks<\/p>\n<p>&#8211; Aumentar la autoridad del dominio de su sitio web<\/p>\n<p>&#8211; Aumentar el conocimiento y la visibilidad de su marca<\/p>\n<p>&#8211; Y crear nuevas conexiones dentro de su industria<\/p>\n<p>Tenga en cuenta que los art\u00edculos invitados como \u00abescribe para nosotros\u00bb o los art\u00edculos patrocinados no s\u00f3lo benefician al autor, sino tambi\u00e9n al sitio web que alberga el contenido.<\/p>\n<h2>\u00bfPor qu\u00e9 son importantes los art\u00edculos de invitados para su negocio?<\/h2>\n<p>\u00abEscribir para nosotros\u00bb, o \u00abguest posting\u00bb, es una de las estrategias de SEO m\u00e1s populares para muchas empresas que la utilizan como enfoque a largo plazo. Los art\u00edculos de invitados ponen de relieve su experiencia, sus conocimientos y sus ideas m\u00e1s valiosas. Tambi\u00e9n le ayudar\u00e1n a ganar autoridad dentro de su mercado, a conectar con los l\u00edderes del sector y a hacer crecer su audiencia.<\/p>\n<p>\u00a0<\/p>\n<p>Al mismo tiempo, sus contribuciones ser\u00e1n un trampol\u00edn para los aspirantes a autores o emprendedores que quieran iniciar un negocio.<\/p>\n<h2>\u00bfEntonces? Escriba para nosotros desde hoy mismo.<\/h2>\n<p>P\u00f3ngase en contacto con nosotros a trav\u00e9s del siguiente formulario. Recibir\u00e1 una respuesta hoy mismo.<\/p>\n<p>\u00a0<\/p>\n<p><strong>Por favor, p\u00f3ngase en contacto con nosotros s\u00f3lo para los art\u00edculos que sean de pago. Describa su proyecto de art\u00edculo patrocinado a continuaci\u00f3n para obtener informaci\u00f3n sobre los precios.<\/strong><\/p>\n<p><strong style=\"font-size: 17.6px;\">T\u00e9l\u00e9fono : +33 7 69 49 25 08<\/strong> (Llamadas o WhatsApp)<\/p>\n","protected":false},"excerpt":{"rendered":"<p>[Importante: Por favor, p\u00f3ngase en contacto con nosotros s\u00f3lo para los art\u00edculos pagados. Describa su proyecto de art\u00edculo para obtener informaci\u00f3n sobre nuestros precios]. Hola a todos. Editores, la comunidad de startup.info da la bienvenida a historias de todo tipo en las columnas de su plataforma l\u00edder de startups. Con un sitio web que recoge [&hellip;]<\/p>\n","protected":false},"author":72952,"featured_media":182489,"parent":0,"menu_order":0,"comment_status":"open","ping_status":"closed","template":"page-fullwidth.php","meta":{"footnotes":"","_links_to":"","_links_to_target":""},"class_list":["post-182487","page","type-page","status-publish","has-post-thumbnail","hentry"],"_links":{"self":[{"href":"https:\/\/startup.info\/es\/wp-json\/wp\/v2\/pages\/182487","targetHints":{"allow":["GET"]}}],"collection":[{"href":"https:\/\/startup.info\/es\/wp-json\/wp\/v2\/pages"}],"about":[{"href":"https:\/\/startup.info\/es\/wp-json\/wp\/v2\/types\/page"}],"author":[{"embeddable":true,"href":"https:\/\/startup.info\/es\/wp-json\/wp\/v2\/users\/72952"}],"replies":[{"embeddable":true,"href":"https:\/\/startup.info\/es\/wp-json\/wp\/v2\/comments?post=182487"}],"version-history":[{"count":0,"href":"https:\/\/startup.info\/es\/wp-json\/wp\/v2\/pages\/182487\/revisions"}],"wp:featuredmedia":[{"embeddable":true,"href":"https:\/\/startup.info\/es\/wp-json\/wp\/v2\/media\/182489"}],"wp:attachment":[{"href":"https:\/\/startup.info\/es\/wp-json\/wp\/v2\/media?parent=182487"}],"curies":[{"name":"wp","href":"https:\/\/api.w.org\/{rel}","templated":true}]}}