{"id":156135,"date":"2021-02-10T14:18:40","date_gmt":"2021-02-10T13:18:40","guid":{"rendered":"https:\/\/startup.info\/?page_id=156135"},"modified":"2023-01-13T21:24:56","modified_gmt":"2023-01-13T20:24:56","slug":"ecrire-pour-nous","status":"publish","type":"page","link":"https:\/\/startup.info\/fr\/ecrire-pour-nous\/","title":{"rendered":"\u00c9crire pour nous"},"content":{"rendered":"<p>[Important : <strong>Nous acceptons des articles invit\u00e9s. Contactez-nous pour plus d\u2019informations<\/strong>]<\/p>\n<p>Bonjour \u00e0 tous ! R\u00e9dacteurs, la communaut\u00e9 startup.info accueille des t\u00e9moignages de tous les horizons sur sa plateforme leader dans le domaine des startups et de l&rsquo;innovation.<\/p>\n<p>Avec un site web qui recueille des histoires, actualit\u00e9s, et articles d\u00e9di\u00e9s aux startups, notre communaut\u00e9 cro\u00eet tr\u00e8s rapidement. Nos lecteurs sont principalement des entrepreneurs \u00e0 la recherche d\u2019inspiration, des entreprises qui cherchent \u00e0 se connecter avec des startups, des investisseurs, des early adopters et des membres de l\u2019\u00e9cosyst\u00e8me d\u2019innovation \u00e0 la recherche de mises \u00e0 jour.<\/p>\n<p>G\u00e9nial, non !? Chaque r\u00e9dacteur\u00a0 r\u00eave d\u2019atteindre une telle audience. C\u2019est pourquoi nous offrons une superbe opportunit\u00e9 aux r\u00e9dacteurs ou startups de gagner en visibilit\u00e9, en diffusant sur notre plateforme, l\u2019histoire de leur entreprise et leur expertise. Avec des tarifs comp\u00e9titifs vous pouvez contribuer \u00e0 notre plateforme.<\/p>\n<h2><strong>Que publions-nous ?<\/strong><\/h2>\n<p>Startup.info se concentre sur le storytelling, le lifestyle et le business des startups. Nous recherchons des auteurs ou r\u00e9dacteurs qui souhaitent \u00e9crire pour nous et nous publions leurs contenus originaux. Ces articles r\u00e9v\u00e8lent comment des entreprises de petite ou de moyenne taille commencent leur aventure, quel est le secret derri\u00e8re leur projet, comment elles utilisent des id\u00e9es innovantes et des strat\u00e9gies percutantes pour imposer leur pr\u00e9sence \u00e0 un niveau global, ou traitent encore de marketing digital, de ressources humaines ou des derni\u00e8res innovations technologiques. Le fondateur ou le CEO de votre startup souhaite \u00e9crire pour nous ? Super ! Transmettez-lui les recommandations ci-dessous.<\/p>\n<h2><strong>Quelles recommandations suivre pour \u00ab \u00e9crire pour nous \u00bb ?<\/strong><\/h2>\n<p>&#8211; Un contenu unique\u00a0<\/p>\n<p>Nos lecteurs sont constamment en qu\u00eate d\u2019histoires nouvelles et d\u2019id\u00e9es innovantes, qui les encouragent \u00e0 continuer \u00e0 nous lire. C\u2019est pourquoi nous ne publions que des contenus originaux. Vous avez des id\u00e9es ou des histoires uniques en leur genre \u00e0 partager ? Alors \u00e0 vos claviers, et \u00e9crivez pour nous !<\/p>\n<p>Pour glaner de nouvelles id\u00e9es, n\u2019h\u00e9sitez pas \u00e0 parcourir le contenu de notre site et \u00e0 analyser le type d\u2019articles que nous publions. Ainsi, vous aurez une id\u00e9e de notre fa\u00e7on de travailler.<\/p>\n<p>&#8211; Rester simple et attiser la curiosit\u00e9<\/p>\n<p>Pour commencer, il se peut que vous ayez une id\u00e9e de contenu tr\u00e8s g\u00e9n\u00e9rale, du type \u00ab Comment lancer une startup avec un petit capital \u00bb. Mais dans la plupart des cas, les textes avec une approche simple sont ceux qui marchent le mieux. En allant droit au but, ils constituent une contribution qualitative qui attire une audience importante. Pour r\u00e9diger des articles tels que \u00ab 5 choses \u00e0 savoir avant d\u2019investir dans une startup \u00bb ou \u00ab 8 erreurs \u00e0 \u00e9viter quand on lance une startup \u00bb, vous devez faire des recherches. Nos contenus ont pour objectif d\u2019encourager le public \u00e0 lire plus et \u00e0 avoir davantage d\u2019informations.<\/p>\n<p>&#8211; Utiliser des exemples<\/p>\n<p>Les histoires de startups qui ont le plus de succ\u00e8s sur Startup.info sont ceux qui offrent une information utile aux autres jeunes pousses et PME. Allez droit au but, soyez simple, g\u00e9n\u00e9rique, et surtout engageant(e). Les conseils ou les mises en garde ne peuvent \u00eatre bien compris qu\u2019avec des exemples auxquels les lecteurs peuvent s\u2019identifier.<\/p>\n<p>&#8211; Les articles sponsoris\u00e9s<\/p>\n<p>Oui, nous acceptons les <a href=\"https:\/\/startup.info\/fr\/article-sponsorise\/\" target=\"_blank\" rel=\"noopener\">articles sponsoris\u00e9s<\/a> de la part d\u2019entreprises qui souhaitent augmenter leur visibilit\u00e9 tout en finan\u00e7ant du contenu de qualit\u00e9. Notez bien que cela peut vous aider \u00e0 construire une identit\u00e9 de marque forte aupr\u00e8s de nos lecteurs. Par exemple, une startup peut vouloir raconter son parcours du d\u00e9but, la fa\u00e7on dont elle a grandi, les obstacles et les challenges auxquels elle a fait face sur son chemin couronn\u00e9 de succ\u00e8s\u2026<\/p>\n<p>Nous n\u2019acceptons les articles invit\u00e9s que comme articles sponsoris\u00e9s (publi-r\u00e9dactionnel). Pour plus de d\u00e9tails, <em><strong>contactez-nous via le formulaire en bas de ce post<\/strong>.<\/em><\/p>\n<h2><strong>Ce que nous ne publions pas<\/strong><\/h2>\n<p>&#8211; Trop de promotion<\/p>\n<p>Si vous souhaitez \u00e9crire pour nous, ayez en t\u00eate que les articles invit\u00e9s sont un moyen de partager vos connaissances et votre expertise avec le public. Retenez bien que nos lecteurs sont \u00e0 la recherche de success stories, astuces et conseils pour lancer et g\u00e9rer une startup avec succ\u00e8s.<\/p>\n<p>&#8211; Les contenus d\u00e9j\u00e0 publi\u00e9s<\/p>\n<p>Nous ne publions pas les articles d\u00e9j\u00e0 post\u00e9s sur d\u2019autres sites, m\u00eame si vous y avez apport\u00e9 de l\u00e9g\u00e8res modifications. Nous n\u2019acceptons que des contenus originaux et uniques.<\/p>\n<p>&#8211; Les contenus copi\u00e9s<\/p>\n<p>Nous ne publions pas les articles copi\u00e9s ou plagi\u00e9s. Il s\u2019agit d\u2019une violation importante de notre politique.<\/p>\n<p>&#8211; Les informations erron\u00e9es<\/p>\n<p>Veillez \u00e0 ne pas r\u00e9diger des articles avec des informations erron\u00e9es. Vous pouvez \u00e9crire des citations exactes, et en mentionner la source. Essayez toujours de vous baser sur des donn\u00e9es fiables issues de sites ou de sources d\u2019autorit\u00e9 et mentionnez-les pr\u00e9cis\u00e9ment.<\/p>\n<p>&#8211; L\u2019utilisation d\u2019images<\/p>\n<p>Pour des questions de droits d\u2019auteur, vous n\u2019\u00eates pas oblig\u00e9 ajouter d\u2019images \u00e0 votre contenu avant de nous le soumettre. Nous ajouterons nous-m\u00eames des images libres de droit.<\/p>\n<p>&#8211; Profils personnels<\/p>\n<p>Nous n\u2019acceptons pas des liens vers les profils personnels sure les r\u00e9seaux sociaux, sauf s\u2019ils sont des pages officielles de votre entreprise.<\/p>\n<h2><strong>Les r\u00e8gles \u00e0 suivre pour publier un article <\/strong><\/h2>\n<p><strong>Choisissez vos th\u00e8mes :<\/strong> Avant de nous proposer un article, parcourez nos posts et trouvez trois id\u00e9es originales de contenus qui vous passionnent et sur lesquelles vous pourrez \u00e9crire un article percutant, bien document\u00e9 et approfondi.<\/p>\n<p><strong>Attribution du th\u00e8me :<\/strong> Apr\u00e8s que vous nous ayez expos\u00e9 vos id\u00e9es, nous choisirons un des th\u00e8mes que vous nous avez sugg\u00e9r\u00e9s et vous proposerons d\u2019\u00e9crire \u00e0 ce sujet.<\/p>\n<p>Nous favorisons les contributions en format Google Doc pour que nos correcteurs puissent vous transmettre leurs retours et conseils directement sur votre brouillon.<\/p>\n<p><strong>Limite de mots :<\/strong> Nous n\u2019acceptons les articles qu\u2019\u00e0 partir de 1000 mots.<\/p>\n<p><strong>Formatage des sous-titres :<\/strong> Formulez des titres ad\u00e9quats ; les banni\u00e8res H1, H2 sont requises.<\/p>\n<p><strong>Ajout de liens :<\/strong> Ajoutez un ou deux liens internes.<\/p>\n<p><strong>Pas de plagiat :<\/strong> Aucun plagiat n\u2019est tol\u00e9r\u00e9.<\/p>\n<p><strong>Auteur :<\/strong> Vous pouvez ajouter une photo et une courte biographie de l\u2019auteur.<\/p>\n<p><strong>Pr\u00e9sentation du contenu<\/strong> : Pr\u00e9sentez le contenu et r\u00e9sumez-le bri\u00e8vement.<\/p>\n<p><strong>D\u00e9lai de validation :<\/strong> Comme il s\u2019agit de post sponsoris\u00e9, les meilleures contributions seront approuv\u00e9es en un ou deux jours ouvr\u00e9s. Vous en serez inform\u00e9(e) par mail.<\/p>\n<p><strong>R\u00e9vision :<\/strong> Une fois l\u2019article publi\u00e9, nous n\u2019autorisons pas les r\u00e9visions ; si celles-ci sont de haute importance, nous les ferons nous-m\u00eames.<\/p>\n<p>Si tout se passe bien, nous publierons votre article en une semaine, et vous transmettrons le lien html par e-mail.<\/p>\n<h2><strong>Qui autorisons-nous \u00e0 publier ?<\/strong><\/h2>\n<p>Nous acceptons les contributions d\u2019auteurs individuels, de startups, d\u2019auteurs professionnels ou de freelances. Nous favorisons le contenu de blogueurs, de fondateurs de startups et en g\u00e9n\u00e9ral de cr\u00e9ateurs qui partagent des connaissances approfondies plut\u00f4t que des notions \u00e9l\u00e9mentaires sur le business, les startups ou le marketing.<\/p>\n<p>Vos \u00e9crits doivent d\u00e9montrer votre capacit\u00e9 \u00e0 d\u00e9livrer une vision unique et strat\u00e9gique bas\u00e9e sur vos comp\u00e9tences sur le terrain : par exemple avec des posts comprenant des conseils, des retours d\u2019exp\u00e9rience, des modes d\u2019emploi, innovations, success stories, etc\u2026<\/p>\n<h2><strong>Qu\u2019est-ce qu\u2019un article invit\u00e9 et quels avantages y a-t-il \u00e0 \u00ab \u00e9crire pour nous \u00bb ?<\/strong><\/h2>\n<p>En quelque mots, un article invit\u00e9 est un contenu que l\u2019on publie sur un blog ou sur le site d\u2019une autre entreprise. De nombreuses plateformes appellent les auteurs \u00e0 \u00e9crire des articles invit\u00e9s ou des posts sponsoris\u00e9s par le biais d\u2019une page \u00ab \u00c9crire pour nous \u00bb. Dans la plupart des cas, les bloggeurs ou auteurs invit\u00e9s se rapprochent des sites web de la m\u00eame niche ou industrie pour :<\/p>\n<p>&#8211; Obtenir des backlinks<\/p>\n<p>&#8211; Augmenter l\u2019autorit\u00e9 du domaine de leur site web<\/p>\n<p>&#8211; Augmenter la notori\u00e9t\u00e9 et la visibilit\u00e9 de leur marque<\/p>\n<p>&#8211; Et cr\u00e9er de nouvelles connexions au sein de leur secteur<\/p>\n<p>\u00c0 noter : les articles invit\u00e9s du type \u00ab <strong>\u00e9crire pour nous<\/strong> \u00bb ou les articles sponsoris\u00e9s ne b\u00e9n\u00e9ficient pas seulement \u00e0 l\u2019auteur, mais aussi au site web qui h\u00e9berge le contenu.<\/p>\n<h2><strong>Pourquoi les articles invit\u00e9s sont-ils importants pour votre business ?<\/strong><\/h2>\n<p>\u00ab \u00c9crire pour nous \u00bb, ou la cr\u00e9ation d\u2019articles invit\u00e9s est l\u2019une des strat\u00e9gies SEO les plus populaires pour de nombreuses entreprises qui l\u2019utilisent dans une approche de long-terme. Les articles invit\u00e9s mettent en lumi\u00e8re votre expertise, vos connaissances et vos id\u00e9es les plus pr\u00e9cieuses. Ils vous aideront \u00e9galement \u00e0 gagner en autorit\u00e9 au sein de votre march\u00e9, \u00e0 vous mettre en relation avec des leaders de votre secteur et \u00e0 augmenter votre audience.<\/p>\n<p>Dans le m\u00eame temps, vos contributions seront un tremplin pour les auteurs ou entrepreneurs en herbe qui souhaitent lancer un business.<\/p>\n<p>Qu\u2019attendez-vous ? \u00c9crivez pour nous d\u00e8s aujourd\u2019hui !<\/p>\n<p><strong>Contactez-nous \u00e0 l\u2019aide du formulaire de contact ci-dessous. Vous recevrez une r\u00e9ponse d\u00e8s aujourd\u2019hui.<\/strong><\/p>\n<style>\/*! elementor - v3.10.0 - 09-01-2023 *\/\n.elementor-column .elementor-spacer-inner{height:var(--spacer-size)}.e-con{--container-widget-width:100%}.e-con-inner>.elementor-widget-spacer,.e-con>.elementor-widget-spacer{width:var(--container-widget-width,var(--spacer-size));--align-self:var(--container-widget-align-self,initial);--flex-shrink:0}.e-con-inner>.elementor-widget-spacer>.elementor-widget-container,.e-con-inner>.elementor-widget-spacer>.elementor-widget-container>.elementor-spacer,.e-con>.elementor-widget-spacer>.elementor-widget-container,.e-con>.elementor-widget-spacer>.elementor-widget-container>.elementor-spacer{height:100%}.e-con-inner>.elementor-widget-spacer>.elementor-widget-container>.elementor-spacer>.elementor-spacer-inner,.e-con>.elementor-widget-spacer>.elementor-widget-container>.elementor-spacer>.elementor-spacer-inner{height:var(--container-widget-height,var(--spacer-size))}<\/style>\n<p><strong style=\"font-family: 'PT Serif', sans-serif; font-size: 1.1rem;\">Merci de nous contacter pour des articles payants seulement. <strong>D\u00e9crivez-nous votre projet d\u2019article sponsoris\u00e9 ci-dessous, pour avoir des informations sur nos prix.<\/strong><\/strong><\/p>\n<p><strong style=\"font-size: 17.6px;\">T\u00e9l\u00e9phone : +33 7 69 49 25 08<\/strong> (Appel ou WhatsApp)<\/p>\n","protected":false},"excerpt":{"rendered":"<p>[Important : Nous acceptons des articles invit\u00e9s. Contactez-nous pour plus d\u2019informations] Bonjour \u00e0 tous ! R\u00e9dacteurs, la communaut\u00e9 startup.info accueille des t\u00e9moignages de tous les horizons sur sa plateforme leader dans le domaine des startups et de l&rsquo;innovation. Avec un site web qui recueille des histoires, actualit\u00e9s, et articles d\u00e9di\u00e9s aux startups, notre communaut\u00e9 cro\u00eet [&hellip;]<\/p>\n","protected":false},"author":5,"featured_media":307000,"parent":0,"menu_order":0,"comment_status":"open","ping_status":"closed","template":"page-fullwidth.php","meta":{"footnotes":"","_links_to":"","_links_to_target":""},"class_list":["post-156135","page","type-page","status-publish","has-post-thumbnail","hentry"],"_links":{"self":[{"href":"https:\/\/startup.info\/fr\/wp-json\/wp\/v2\/pages\/156135","targetHints":{"allow":["GET"]}}],"collection":[{"href":"https:\/\/startup.info\/fr\/wp-json\/wp\/v2\/pages"}],"about":[{"href":"https:\/\/startup.info\/fr\/wp-json\/wp\/v2\/types\/page"}],"author":[{"embeddable":true,"href":"https:\/\/startup.info\/fr\/wp-json\/wp\/v2\/users\/5"}],"replies":[{"embeddable":true,"href":"https:\/\/startup.info\/fr\/wp-json\/wp\/v2\/comments?post=156135"}],"version-history":[{"count":0,"href":"https:\/\/startup.info\/fr\/wp-json\/wp\/v2\/pages\/156135\/revisions"}],"wp:featuredmedia":[{"embeddable":true,"href":"https:\/\/startup.info\/fr\/wp-json\/wp\/v2\/media\/307000"}],"wp:attachment":[{"href":"https:\/\/startup.info\/fr\/wp-json\/wp\/v2\/media?parent=156135"}],"curies":[{"name":"wp","href":"https:\/\/api.w.org\/{rel}","templated":true}]}}