{"id":59290,"date":"2017-05-29T00:35:40","date_gmt":"2017-05-28T22:35:40","guid":{"rendered":"https:\/\/startup.info\/?page_id=59290\/"},"modified":"2021-12-03T13:21:14","modified_gmt":"2021-12-03T12:21:14","slug":"confidentialite","status":"publish","type":"page","link":"https:\/\/startup.info\/fr\/confidentialite\/","title":{"rendered":"Politique de confidentialit\u00e9 de la Plateforme Startup.info &#038; des concours op\u00e9r\u00e9s par la plateforme Startup Info"},"content":{"rendered":"<h2>Confidentialit\u00e9 et S\u00e9curit\u00e9 des Informations Personnelles<\/h2>\n<p>ADZO MEDIA (ci-apr\u00e8s l\u2019\u00ab Editeur \u00bb) veille \u00e0 la confidentialit\u00e9 et \u00e0 la s\u00e9curit\u00e9 des informations personnelles des Utilisateurs de la pr\u00e9sente Plateforme Startup.info. \u00c0 ce titre, elle met en \u0153uvre une politique de confidentialit\u00e9. Toutefois, elle ne saurait garantir la protection absolue de l&rsquo;information transmise ou stock\u00e9e sur le pr\u00e9sent site \u00e0 l\u2019adresse suivante https:\/\/startup.info\/, en raison des limites inh\u00e9rentes aux m\u00e9thodes de transmission ou de stockage de donn\u00e9es num\u00e9riques.<\/p>\n<p>En acc\u00e9dant ou en s\u2019inscrivant sur le pr\u00e9sent site, l\u2019utilisateur accepte le fait que les informations collect\u00e9es le concernant puissent \u00eatre utilis\u00e9es et divulgu\u00e9es conform\u00e9ment \u00e0 la pr\u00e9sente Politique de Confidentialit\u00e9 et aux Conditions G\u00e9n\u00e9rales d&rsquo;Utilisation de la Plateforme Startup.info.<\/p>\n<p>Toutefois, la pr\u00e9sente politique de confidentialit\u00e9 s&rsquo;applique uniquement aux informations collect\u00e9es sur le site https:\/\/startup.info\/, ainsi qu\u2019\u00e0 tous les contenus et aux pages qui y sont pr\u00e9sentes.<\/p>\n<p>Tout utilisateur du pr\u00e9sent site ne peut y acc\u00e9der, naviguer ou s\u2019y inscrire que sous la condition expresse d&rsquo;accepter les pr\u00e9sents termes. Par ailleurs, il ne peut disposer\u00a0 d\u2019un compte utilisateur sur le pr\u00e9sent site qu\u2019\u00e0 la condition de fournir \u00e0 l\u2019Editeur les informations n\u00e9cessaires pour lui offrir les services de la Plateforme Startup.info.<\/p>\n<h2>Donn\u00e9es personnelles<\/h2>\n<p>Tel qu&rsquo;entendues dans la pr\u00e9sente Politique de Confidentialit\u00e9, les donn\u00e9es personnelles d\u00e9signent toutes informations fournies par tout utilisateur lors de l&rsquo;utilisation du site, le concernant et permettant de l\u2019identifier\u00a0; notamment son nom, ses coordonn\u00e9es, sexe, date de naissance et profession etc.<\/p>\n<p>Lesdites donn\u00e9es collect\u00e9es par le site https:\/\/startup.info\/ appartiennent \u00e0 l\u2019utilisateur et sont utilis\u00e9es uniquement pour assurer la d\u00e9livrance des services offerts par le site.<\/p>\n<p>Toutes les donn\u00e9es personnelles sont prot\u00e9g\u00e9es en vertu de la r\u00e9glementation en vigueur en France.<\/p>\n<p>L\u2019\u00e9diteur s\u2019engage \u00e0 ce que ces donn\u00e9es ne soient pas diffus\u00e9es \u00e0 des tiers sans le consentement explicite de l\u2019utilisateur.<\/p>\n<p>Toutefois, ces donn\u00e9es peuvent \u00eatre communiqu\u00e9es\u00a0 \u00e0 des tiers, notamment :<\/p>\n<ul>\n<li>\u00e0 des partenaires de la Plateforme Startup.info, notamment \u00e0 des jur\u00e9s de concours organis\u00e9s sur la plateforme, dans le strict respect de la pr\u00e9sente Politique de confidentialit\u00e9<\/li>\n<li>aux fournisseurs de services externalis\u00e9s qui effectuent certaines t\u00e2ches pour le compte et\/ou au nom de l\u2019Editeur ; dans le strict respect de la pr\u00e9sente Politique de confidentialit\u00e9 ;<\/li>\n<li>en r\u00e9ponse aux citations \u00e0 compara\u00eetre, \u00e0 l\u2019ordonnance d\u2019une juridiction ou \u00e0 une autre proc\u00e9dure judiciaire\u00a0; \u00e0 une demande de coop\u00e9ration de la police ou d\u2019un autre organisme gouvernemental\u00a0; en cas d&rsquo;enqu\u00eate, pour pr\u00e9venir ou prendre des mesures concernant des activit\u00e9s ill\u00e9gales, frauduleuses, aux fins de s\u00e9curit\u00e9 ou contre des techniques \u00e0 enjeux suspects ;<\/li>\n<li>en application de conditions g\u00e9n\u00e9rales d&rsquo;utilisation du site <a href=\"https:\/\/startup.info\/contact-us\/\">https:\/\/startup.info\/<\/a> auxquelles cette politique de confidentialit\u00e9 est annex\u00e9e ou de la pr\u00e9sente politique de confidentialit\u00e9, tel qu&rsquo;il peut \u00eatre requis par la loi ou pour prot\u00e9ger les droits de l\u2019Editeur, sa propri\u00e9t\u00e9 ou sa s\u00e9curit\u00e9 ou celles des autres ;<\/li>\n<\/ul>\n<p>Enfin, l\u2019Editeur peut partager avec des tiers des informations non personnelles fournies par l\u2019utilisateur.<\/p>\n<h2>Droit d\u2019acc\u00e8s, de rectification des donn\u00e9es \u00e0 caract\u00e8re personnel<\/h2>\n<p>Conform\u00e9ment \u00e0 la loi n\u00b078-17 du 6 janvier 1978 modifi\u00e9e, le traitement de vos donn\u00e9es \u00e0 caract\u00e8re personnel a fait l&rsquo;objet d&rsquo;une d\u00e9claration aupr\u00e8s de la Commission Nationale de l&rsquo;Informatique et des Libert\u00e9s (Cnil).<\/p>\n<p>L\u2019utilisateur dispose d&rsquo;un droit d&rsquo;acc\u00e8s, de retrait et de modification de ses donn\u00e9es \u00e0 caract\u00e8re personnel communiqu\u00e9es et de la facult\u00e9 de poser des questions relatives \u00e0 la pr\u00e9sente Politique de confidentialit\u00e9, conform\u00e9ment aux articles 39 et 40 de la loi n\u00b078-17 du 6 janvier 1978 pr\u00e9cit\u00e9e.<\/p>\n<p>Il suffit pour cela d&rsquo;adresser \u00e0 l\u2019Editeur un courrier \u00e9lectronique via la proc\u00e9dure de contact de ce site \u00e0 l\u2019adresse suivante\u00a0: https:\/\/startup.info\/contact-us\/<\/p>\n<h2>Utilisations de Cookies sur le pr\u00e9sent site<\/h2>\n<p>En navigation sur le pr\u00e9sent site, des cookies sont plac\u00e9s sur l\u2019ordinateur de l\u2019utilisateur et peuvent \u00eatre consult\u00e9s par ce site lors des visites ult\u00e9rieures: ce sont de petits fichiers texte qui servent \u00e0 collecter et \u00e0 stocker sur l\u2019ordinateur de l\u2019utilisateur des informations concernant sa navigation (date et heure de consultations, pages consult\u00e9es, donn\u00e9es fournies lors de remplissage de formulaire, etc.), sans permettre d\u2019identifier ce dernier.<\/p>\n<p>L\u2019utilisateur est inform\u00e9 qu\u2019il peut refuser l\u2019enregistrement de cookies sur son ordinateur de la mani\u00e8re d\u00e9crite \u00e0 l&rsquo;adresse suivante : www.cnil.fr. Pour ce faire, il peut param\u00e9trer le logiciel de son navigateur \u00e0 l\u2019aide d\u2019instructions qui peuvent \u00eatre trouv\u00e9es dans la section \u00ab Aide \u00bb de la barre d&rsquo;outils.<\/p>\n<p>En poursuivant la navigation l\u2019utilisateur accepte les cookies du pr\u00e9sent site. Toutefois, s\u2019il refuse les cookies, les fonctions et fonctionnalit\u00e9s de ce site pourraient ne pas fonctionner correctement.<\/p>\n<h2>Donn\u00e9es d\u2019usage<\/h2>\n<p>l\u2019Editeur informe l\u2019utilisateur qu\u2019il collecte des informations sur ses usages et les pages qu\u2019il visite, l&rsquo;adresse IP, le syst\u00e8me d&rsquo;exploitation et le navigateur qu\u2019il utilise, l\u2019ordre de consultation des pages et la date de la visite ainsi que les liens et autres contr\u00f4les de l&rsquo;interface utilisateur qu\u2019il utilise lorsqu\u2019il fait usage des services offerts sur le pr\u00e9sent site \u00e0 l\u2019adresse https:\/\/startup.info\/.<\/p>\n<p>Ces donn\u00e9es collect\u00e9es dites donn\u00e9es d\u2019usage demeurent des donn\u00e9es brutes, anonymis\u00e9es qui sont utilis\u00e9es par l\u2019Editeur pour produire des statistiques sur l\u2019utilisation des services qu\u2019il offre \u00e0 l\u2019utilisateur.<\/p>\n<p>La collecte et l\u2019analyse de ces donn\u00e9es, la compr\u00e9hension de la mani\u00e8re d\u2019utiliser le site par l\u2019utilisateur ainsi que la personnalisation de son exp\u00e9rience sont indispensables :<\/p>\n<ul>\n<li>pour am\u00e9liorer les services offerts et les fonctionnalit\u00e9s du pr\u00e9sent site, \u00e9valuer son accessibilit\u00e9<\/li>\n<li>pour am\u00e9liorer le fonctionnement et la s\u00e9curit\u00e9 du site et des logiciels, syst\u00e8mes et r\u00e9seaux, gr\u00e2ce \u00e0 la d\u00e9tection des utilisations frauduleuses du site et des violations des Conditions g\u00e9n\u00e9rales d\u2019utilisation.<\/li>\n<\/ul>\n<h2>H\u00e9bergement, anonymisation, archivage et s\u00e9curit\u00e9 des donn\u00e9es et moyen de preuve l\u00e9gale<\/h2>\n<p>L\u2019h\u00e9bergement des syst\u00e8mes de traitement de l&rsquo;information ainsi que la s\u00e9curisation de l&rsquo;acc\u00e8s au data center, aux infrastructures du syst\u00e8me d&rsquo;information et aux serveurs est assur\u00e9e par SITEGROUND.<\/p>\n<p>Tout acc\u00e8s au data center, aux infrastructures du syst\u00e8me d&rsquo;information et aux serveurs r\u00e9serv\u00e9 aux personnes d\u00fbment habilit\u00e9es ainsi que l\u2019archivage des donn\u00e9es se font dans le strict respect de la pr\u00e9sente Politique de confidentialit\u00e9.<\/p>\n<p>A l\u2019issue de la dur\u00e9e l\u00e9gale de la conservation des donn\u00e9es, celles-ci sont anonymis\u00e9es conform\u00e9ment \u00e0 la d\u00e9claration CNIL.<\/p>\n<p>L\u2019Utilisateur est inform\u00e9 que des registres informatis\u00e9s sont conserv\u00e9s dans les syst\u00e8mes dans le respect des r\u00e8gles de l\u2019art en mati\u00e8re de s\u00e9curit\u00e9 et conform\u00e9ment aux dispositions l\u00e9gales en vigueur. Ils servent de preuves en mati\u00e8re de communications \u00e9lectroniques, de t\u00e9l\u00e9chargements et\/ou de publications de contenus ou de commentaires.<\/p>\n<p>Il est convenu que les registres informatis\u00e9s de la Plateforme Startup.info feront foi en cas de divergence entre celles-ci et les documents au format papier ou \u00e9lectronique dont dispose l\u2019utilisateur<\/p>\n<p>Enfin, l\u2019Utilisateur est inform\u00e9 qu\u2019en l\u2019\u00e9tat actuel des moyens technologiques disponibles, l\u2019Editeur ne saurait garantir ni l\u2019absence d\u2019intrusion dans le site, ni l\u2019absence de destructions, modification et\/ou d\u2019alt\u00e9ration malveillante ou non des informations fournies par un utilisateur.<\/p>\n<h2>Usage de zones d\u00e9di\u00e9es \u00e0 la communication publique<\/h2>\n<h2>Liens hypertextes vers des sites externes<\/h2>\n<p>Le pr\u00e9sent site peut contenir des liens hypertextes vers d\u2019autres sites qui ne sont ni \u00e9dit\u00e9s par l\u2019Editeur, ni sous son contr\u00f4le, mais sont fournis ou propos\u00e9s par des tiers. Les liens vers ces autres sites font quitter l\u2019utilisateur le pr\u00e9sent site. Ce dernier reconna\u00eet et accepte que l\u2019Editeur n\u2019est pas responsable de la collecte et de l&rsquo;utilisation de ses informations par ces sites et s\u2019engage \u00e0 lire leur politique de confidentialit\u00e9 en cas d\u2019utilisation.<\/p>\n<h2>Modification de la pr\u00e9sente Politique de Confidentialit\u00e9<\/h2>\n<p>La pr\u00e9sente Politique de confidentialit\u00e9 est susceptible de faire l\u2019objet de modifications, auquel cas l\u2019Editeur veillera \u00e0 pr\u00e9server ses engagements de qualit\u00e9 \u00e9thique. Chaque nouvelle version de la pr\u00e9sente Politique de confidentialit\u00e9 entre en vigueur d\u00e8s son affichage sur cette page avec une date d&rsquo;effet de la mise \u00e0 jour.<\/p>\n<p>L\u2019Editeur invite tout utilisateur \u00e0 consulter r\u00e9guli\u00e8rement cette page afin de prendre \u00e9ventuellement connaissance de toute nouvelle version de la pr\u00e9sente Politique de confidentialit\u00e9.<\/p>\n<p>Tout acc\u00e8s au pr\u00e9sent site est subordonn\u00e9 \u00e0 l\u2019acceptation de la version de la \u00ab\u00a0Politique de confidentialit\u00e9 de la Plateforme Startup.info\u00a0\u00bb publi\u00e9e sur la pr\u00e9sente page et en vigueur au moment dudit acc\u00e8s.<\/p>\n<p>&nbsp;<\/p>\n<p>Derni\u00e8re mise \u00e0 jour : 15\/10\/2018<\/p>\n<p>Voir les <a href=\"https:\/\/startup.info\/fr\/cgu\/\">CGU<\/a><\/p>\n<p>&nbsp;<\/p>\n","protected":false},"excerpt":{"rendered":"<p>Confidentialit\u00e9 et S\u00e9curit\u00e9 des Informations Personnelles ADZO MEDIA (ci-apr\u00e8s l\u2019\u00ab Editeur \u00bb) veille \u00e0 la confidentialit\u00e9 et \u00e0 la s\u00e9curit\u00e9 des informations personnelles des Utilisateurs de la pr\u00e9sente Plateforme Startup.info. \u00c0 ce titre, elle met en \u0153uvre une politique de confidentialit\u00e9. Toutefois, elle ne saurait garantir la protection absolue de l&rsquo;information transmise ou stock\u00e9e sur [&hellip;]<\/p>\n","protected":false},"author":39209,"featured_media":0,"parent":0,"menu_order":0,"comment_status":"closed","ping_status":"closed","template":"","meta":{"footnotes":"","_links_to":"","_links_to_target":""},"class_list":["post-59290","page","type-page","status-publish","hentry"],"_links":{"self":[{"href":"https:\/\/startup.info\/fr\/wp-json\/wp\/v2\/pages\/59290","targetHints":{"allow":["GET"]}}],"collection":[{"href":"https:\/\/startup.info\/fr\/wp-json\/wp\/v2\/pages"}],"about":[{"href":"https:\/\/startup.info\/fr\/wp-json\/wp\/v2\/types\/page"}],"author":[{"embeddable":true,"href":"https:\/\/startup.info\/fr\/wp-json\/wp\/v2\/users\/39209"}],"replies":[{"embeddable":true,"href":"https:\/\/startup.info\/fr\/wp-json\/wp\/v2\/comments?post=59290"}],"version-history":[{"count":0,"href":"https:\/\/startup.info\/fr\/wp-json\/wp\/v2\/pages\/59290\/revisions"}],"wp:attachment":[{"href":"https:\/\/startup.info\/fr\/wp-json\/wp\/v2\/media?parent=59290"}],"curies":[{"name":"wp","href":"https:\/\/api.w.org\/{rel}","templated":true}]}}