{"id":158636,"date":"2021-02-19T01:59:43","date_gmt":"2021-02-19T00:59:43","guid":{"rendered":"https:\/\/startup.info\/?page_id=158636"},"modified":"2021-10-09T23:16:49","modified_gmt":"2021-10-09T21:16:49","slug":"scrivi-per-noi","status":"publish","type":"page","link":"https:\/\/startup.info\/it\/scrivi-per-noi\/","title":{"rendered":"Scrivi per noi"},"content":{"rendered":"<p>[Importante: <strong>Contattaci solo se sei interessato alla pubblicazione di Articoli sponsorizzati<\/strong>]<\/p>\n<p>Ciao a tutti!<\/p>\n<p>Startup.info d\u00e0 spazio alle storie di aziende di successo e testimonianze di leader nel campo delle <strong>startup<\/strong> e dell\u2019<strong>innovazione<\/strong>.<\/p>\n<p>I nostri lettori sono soprattutto imprenditori in cerca di ispirazione, aziende che hanno voglia di connettersi con il mondo delle startup e con tutti i membri del ecosistema dell\u2019innovazione, sempre attenti agli aggiornamenti, alle notizie e ai consigli che possiamo offrire. La nostra community, per\u00f2, cresce ogni secondo e tra i nostri visitatori unici, ci sono anche potenziali acquirenti di prodotti e servizi innovativi.<\/p>\n<p>Ogni azienda ha bisogno di ottenere la giusta <strong>visibilit\u00e0<\/strong>, mediante <strong>contenuti digitali<\/strong> di qualit\u00e0, ecco perch\u00e9 vi diamo l\u2019opportunit\u00e0 di averne ancora di pi\u00f9 attraverso la nostra rivista online.<\/p>\n<h2>Cosa pubblichiamo?<\/h2>\n<p>Noi di Startup.info siamo esperti di Notizie, Storytelling, Lifestyle e dedichiamo grande spazio alle storie delle startup: come nascono le idee, come ha avuto inizio la grande avventura nel settore e il segreto che sta alla base del successo del business.<\/p>\n<p>Poniamo l\u2019accento sul modo in cui le <strong>piccole e medie imprese<\/strong> usano <strong>idee innovative<\/strong> e strategie competitive per imporre la loro presenza a livello nazionale e internazionale, qualunque sia il loro settore d\u2019interesse.<\/p>\n<p>Siamo anche ben felici di intraprendere collaborazioni editoriali con chi abbia tanta voglia di comunicare. Sei il fondatore o il CEO di una startup e vorresti scrivere per il nostro magazine? Certo che puoi, ti baster\u00e0 seguire solo alcune semplici linee guida:<\/p>\n<p><strong>&#8211; Contenuto unico<\/strong><\/p>\n<p>I nostri lettori sono costantemente alla ricerca di <strong>nuove storie<\/strong> e <strong>idee innovative<\/strong>, per questo cerchiamo contenuti originali. \u00c8 ci\u00f2 che ci distingue dagli altri.<\/p>\n<p><strong>&#8211; Curiosit\u00e0 e semplicit\u00e0<\/strong><\/p>\n<p>Non pensare che i contenuti debbano essere complessi, la semplicit\u00e0 di esposizione d\u00e0 una maggiore visibilit\u00e0 e invoglia il lettore a informarsi. Un articolo semplice e generico pu\u00f2 aiutare anche ad ampliare lo spettro di pubblico che potrebbe appassionarsi a quel prodotto o a quella azienda.<\/p>\n<p>Alcuni esempi di contenuto generico :<\/p>\n<p>5 Errori da evitare per creare una startup di successo<\/p>\n<p>Come aprire un&#8217;attivit\u00e0 senza soldi ?<\/p>\n<p>Qual \u00e8 la forma giuridica pi\u00f9 economica per una Startup ?<\/p>\n<p>Cosa sono le PMI innovative: requisiti e caratteristiche<\/p>\n<p><strong>&#8211; Fai esempi<\/strong><\/p>\n<p>Le storie di Startup.info che hanno avuto maggior successo tra i lettori sono quelle che forniscono informazioni utili per altre<strong> startup<\/strong> e <strong>piccole imprese<\/strong>. I consigli possono essere molto utili ma saranno ben compresi solo con esempi che catturano l\u2019attenzione del lettore.<\/p>\n<h2>Articoli sponsorizzati<\/h2>\n<p>Un <strong>articolo sponsorizzato<\/strong> su una testata online \u00e8 sempre coerente con i suoi contenuti ma mette in risalto i valori di un brand, un&#8217;azienda o un prodotto specifico. Le aziende che desiderano avere pi\u00f9 visibilit\u00e0 solo con articoli di qualit\u00e0 possono farlo con noi, a <strong>prezzi competitivi<\/strong>. Puoi fornirci tu il contenuto oppure possiamo scriverlo noi (tutti i nostri redattori sono madrelingua).<\/p>\n<p><strong>Pubblicare un articolo sponsorizzato<\/strong> sul nostro magazine pu\u00f2 aiutarti a veicolare i valori della tua impresa e a far conoscere alle persone lo spessore delle tue idee.<\/p>\n<h2>Cosa non pubblichiamo<\/h2>\n<p>&#8211; Eccessiva promozione<\/p>\n<p>Se desideri pubblicizzare con noi la tua azienda, tieni presente che un <strong>Guest post<\/strong> o un\u00a0 articolo sponsorizzato \u00e8 un modo per condividere le tue conoscenze e competenze con il pubblico. Ci soffermiamo molto su ci\u00f2 che i lettori possono trarre di positivo dalla tua esperienza.<\/p>\n<p>&#8211; Contenuto gi\u00e0 pubblicato<\/p>\n<p>Non pubblichiamo un articolo sponsorizzato gi\u00e0 pubblicato su altri siti, anche se avete apportato delle modifiche.<\/p>\n<p>&#8211; Copia e incolla<\/p>\n<p>Non pubblichiamo articoli copiati o plagiati, violerebbe la nostra politica.<\/p>\n<p>&#8211; Informazioni errate<\/p>\n<p>Stiamo molto attenti a non trasmettere informazioni errate, scriviamo le citazioni esatte e menzioniamo le fonti attendibili a cui facciamo riferimento.<\/p>\n<p>&#8211; Immagini<\/p>\n<p>Se aggiungendo delle immagini potreste violarne il copyright, non fatelo, le mettiamo noi. Aggiungete delle immagini all&#8217;articolo solo se sono senza copyright.<\/p>\n<p>&#8211; Profili personali<\/p>\n<p>Non preferiamo che si parli di profili personali nel articolo sponsorizzato, a meno che non abbiano un gran numero di follower.<\/p>\n<h2>Regole da seguire per pubblicare un Articolo sponsorizzato<\/h2>\n<p><strong>Scegliete un tema<\/strong>: prima di proporci un articolo, sfogliate i nostri post per avere un\u2019idea di come lavoriamo, e poi trovate un\u2019idea originale sul quale potete scrivere un articolo, ben documentato e approfondito.<\/p>\n<p><strong>Formato del file<\/strong>: potete inviarci gli articoli nel formato Google Doc in modo che i nostri redattori possano inviarvi i loro feedback o suggerimenti direttamente dalla bozza.<\/p>\n<p><strong>Lunghezza del testo<\/strong>: un articolo sponsorizzato deve avere un minimo di 400 parole.<\/p>\n<p><strong>Formattazione dei sottotitoli<\/strong>: scegliete titoli interessanti; usate titoli H1 e sottotitoli H2 e H3.<\/p>\n<p><strong>Aggiungere link<\/strong>: potete aggiungere fino a 4 link esterni.<\/p>\n<p><strong>Autore<\/strong>: potete aggiungere una foto e una breve biografia di chi ha scritto l\u2019articolo<\/p>\n<p><strong>Tempi<\/strong>: trattandosi di articoli sponsorizzati, saranno approvati e pubblicati entro 24 ore e ne sarete informati via e-mail.<\/p>\n<p><strong>Modifiche<\/strong>: una volta pubblicato, possiamo modificare l\u2019articolo solo se \u00e8 importante farlo.<\/p>\n<h2>Chi pu\u00f2 pubblicare un Articolo sponsorizzato sul nostro sito?<\/h2>\n<p>Accettiamo articoli da blogger, redattori, agenzie, startup, aziende e in generale da chi vuole condividere conoscenze approfondite su business, innovazione, tecnologia, mondo delle startup o marketing. Il contenuto dovr\u00e0 risaltare il tuo punto di vista basato sulle competenze che hai nel campo.<\/p>\n<h2>Quali sono i vantaggi di un Articolo sponsorizzato?<\/h2>\n<p>I blogger, le aziende o le agenzie contattano siti web e riviste online operanti nello stesso settore per pubblicare un <strong>articolo sponsorizzato<\/strong> per i seguenti motivi :<\/p>\n<p>\u2013 Ottenere backlink;<\/p>\n<p>\u2013 Aumentare l\u2019autorevolezza (DA) del dominio del loro sito web;<\/p>\n<p>\u2013 Aumentare la visibilit\u00e0 del loro marchio;<\/p>\n<p>\u2013 Creare nuove connessioni all\u2019interno del settore;<\/p>\n<p>I <strong>Guest Post<\/strong> e gli <strong>Articoli sponsorizzati<\/strong> hanno benefici anche per il sito web che ospita il contenuto.<\/p>\n<h2>Perch\u00e9 gli Articoli sponsorizzati sono importanti per il tuo business?<\/h2>\n<p>La\u00a0<strong>pubblicazione di articoli sponsorizzati<\/strong>\u00a0\u00e8 una delle\u00a0<strong>strategie SEO<\/strong> pi\u00f9 popolari tra le aziende che la utilizzano per connettersi con i leader del settore e per raggiungere un pubblico pi\u00f9 ampio, oltre che per mettere in evidenza competenze e capacit\u00e0. Inoltre, un <strong>articolo sponsorizzato<\/strong> \u00e8 un trampolino di lancio per redattori che vogliono essere conosciuti o per far conoscere le startup.<\/p>\n<p>Cosa aspetti? Punta anche tu sull\u2019<strong>articolo sponsorizzato<\/strong>. Possiamo scriverlo noi oppure puoi farlo tu (articolo pubbliredazionale), e con un minimo d&#8217;investimento puoi pubblicizzarlo sul nostro magazine!<\/p>\n<p>Contattaci tramite il modulo sottostante. Riceverai una risposta immediata.<\/p>\n<p><strong>Contattaci solo per la pubblicazione di Articoli sponsorizzati. Descrivici il tuo progetto per avere informazioni sui prezzi.<\/strong><\/p>\n<p><strong style=\"font-size: 17.6px;\">Telefono : +39 328 665 9074<\/strong> (Whastapp o chiamata)<\/p>\n","protected":false},"excerpt":{"rendered":"<p>[Importante: Contattaci solo se sei interessato alla pubblicazione di Articoli sponsorizzati] Ciao a tutti! Startup.info d\u00e0 spazio alle storie di aziende di successo e testimonianze di leader nel campo delle startup e dell\u2019innovazione. I nostri lettori sono soprattutto imprenditori in cerca di ispirazione, aziende che hanno voglia di connettersi con il mondo delle startup e [&hellip;]<\/p>\n","protected":false},"author":5,"featured_media":307001,"parent":0,"menu_order":0,"comment_status":"open","ping_status":"closed","template":"page-fullwidth.php","meta":{"footnotes":"","_links_to":"","_links_to_target":""},"class_list":["post-158636","page","type-page","status-publish","has-post-thumbnail","hentry"],"_links":{"self":[{"href":"https:\/\/startup.info\/it\/wp-json\/wp\/v2\/pages\/158636","targetHints":{"allow":["GET"]}}],"collection":[{"href":"https:\/\/startup.info\/it\/wp-json\/wp\/v2\/pages"}],"about":[{"href":"https:\/\/startup.info\/it\/wp-json\/wp\/v2\/types\/page"}],"author":[{"embeddable":true,"href":"https:\/\/startup.info\/it\/wp-json\/wp\/v2\/users\/5"}],"replies":[{"embeddable":true,"href":"https:\/\/startup.info\/it\/wp-json\/wp\/v2\/comments?post=158636"}],"version-history":[{"count":0,"href":"https:\/\/startup.info\/it\/wp-json\/wp\/v2\/pages\/158636\/revisions"}],"wp:featuredmedia":[{"embeddable":true,"href":"https:\/\/startup.info\/it\/wp-json\/wp\/v2\/media\/307001"}],"wp:attachment":[{"href":"https:\/\/startup.info\/it\/wp-json\/wp\/v2\/media?parent=158636"}],"curies":[{"name":"wp","href":"https:\/\/api.w.org\/{rel}","templated":true}]}}