{"id":155298,"date":"2021-02-09T11:56:49","date_gmt":"2021-02-09T10:56:49","guid":{"rendered":"https:\/\/startup.info\/?page_id=155298"},"modified":"2022-02-15T11:32:47","modified_gmt":"2022-02-15T10:32:47","slug":"wpisy-goscinne","status":"publish","type":"page","link":"https:\/\/startup.info\/pl\/wpisy-goscinne\/","title":{"rendered":"Wpisy go\u015bcinne"},"content":{"rendered":"<h2>[Uwaga :&nbsp; <strong style=\"font-family: 'PT Serif', sans-serif; font-size: 1.1rem;\">Prosimy o kontakt tylko w sprawie p\u0142atnych post\u00f3w. Nasze ceny zaczynaj\u0105 si\u0119 od 1000 z\u0142otych<\/strong><strong style=\"font-family: 'PT Serif', sans-serif; font-size: 1.1rem;\">. <\/strong>]<\/h2>\n<p>Witaj! Autorze tekst\u00f3w internetowych, spo\u0142eczno\u015b\u0107 startup.info wita g\u0142osy z wielu sfer na naszej wiod\u0105cej platformie startupowej, aby dla nas pisa\u0107.<\/p>\n<p>Nasza spo\u0142eczno\u015b\u0107 jest szybko rozwijaj\u0105c\u0105 si\u0119 stron\u0105 startupow\u0105 z przeci\u0119tn\u0105 miesi\u0119czn\u0105 liczb\u0105 100k+ odwiedzaj\u0105cych, kt\u00f3rzy szukaj\u0105 historii startup\u00f3w, wiadomo\u015bci i artyku\u0142\u00f3w. Niesamowite, prawda? Prawda !!! Marzeniem ka\u017cdego autora lub dziennikarza jest dotarcie do publiczno\u015bci o takim rozmiarze i kalibrze.<\/p>\n<p>Dlatego te\u017c zapewniamy niesamowit\u0105 okazj\u0119 dla autor\u00f3w tekst\u00f3w internetowych lub startup\u00f3w, aby uzyska\u0107 szerok\u0105 widoczno\u015b\u0107 i platform\u0119 do dzielenia si\u0119 swoj\u0105 histori\u0105 startupu lub tre\u015bci\u0105. Z minimaln\u0105 op\u0142at\u0105 pocz\u0105tkow\u0105 1000 z\u0142otych, mo\u017cna przyczyni\u0107 si\u0119 do cennych tre\u015bci na naszej cenionej stronie g\u0142\u00f3wnej. Oczywi\u015bcie najwy\u017cszym priorytetem jest jako\u015b\u0107, a nie ilo\u015b\u0107 i nie idziemy w tej sprawie na kompromis.<\/p>\n<h2><strong>Co publikujemy?<\/strong><\/h2>\n<p>Startup.info jest \u015bci\u015ble skoncentrowany na historiach startup\u00f3w, stylu \u017cycia i wiadomo\u015bciach biznesowych. Szukamy autor\u00f3w lub dziennikarzy, kt\u00f3rzy mog\u0105 dla nas pisa\u0107 a my opublikujemy oryginalne artyku\u0142y, aby ujawni\u0107, jak ma\u0142e i \u015brednie firmy lub startupy rozpocz\u0119\u0142y swoj\u0105 podr\u00f3\u017c, tajemnic\u0119 ich sukcesu. A tak\u017ce jak firmy wykorzystuj\u0105 innowacyjne pomys\u0142y i strategie, aby zaznaczy\u0107 swoj\u0105 obecno\u015b\u0107 na ca\u0142ym \u015bwiecie, marketing cyfrowy, zasoby ludzkie i najnowsze innowacje technologiczne. Lubimy pracowa\u0107 z indywidualnymi autorami. I odrzucamy zg\u0142oszenia od ka\u017cdej innej bezimiennej osoby lub w imieniu szefa jakiejkolwiek firmy. Je\u015bli tw\u00f3j za\u0142o\u017cyciel startupu lub CEO jest zainteresowany, aby napisa\u0107 dla nas, to by\u0142oby \u015bwietnie. Poka\u017c mu nasz\u0105 stron\u0119 i wy\u015blij wszystkie wytyczne, jak wspomniano poni\u017cej.<\/p>\n<h2><strong>Czym si\u0119 kierowa\u0107 przy wpisach go\u015bcinnych?<\/strong><\/h2>\n<p><strong>&nbsp;<\/strong><\/p>\n<p><strong>Unikalna i wyr\u00f3\u017cniaj\u0105ca si\u0119 tre\u015b\u0107<\/strong><br \/>Ludzie ci\u0105gle szukaj\u0105 \u015bwie\u017cych historii i nowych pomys\u0142\u00f3w. Pomaga to w zach\u0119caniu do czytania i anga\u017cowaniu si\u0119. Dlatego te\u017c, zawsze szukamy unikalnych i nieszablonowych tre\u015bci. To w\u0142a\u015bnie pomaga nam odr\u00f3\u017cni\u0107 si\u0119 od innych. Je\u015bli masz taki pomys\u0142 lub histori\u0119 do opowiedzenia, po prostu przysi\u0105d\u017a do klawiatury i wystukaj wpis go\u015bcinny dla nas.<\/p>\n<p>Aby uzyska\u0107 \u015bwie\u017cy pomys\u0142, lepiej przejrzyj zawarto\u015b\u0107 naszej strony i przeanalizuj, jaki typ tre\u015bci publikujemy. W ten spos\u00f3b dowiesz si\u0119 jak funkcjonujemy i jak zwraca\u0107 si\u0119 do nas nowymi pomys\u0142ami.<\/p>\n<p><strong>Proste i chwytliwe<\/strong><br \/>Pocz\u0105tkowo warto zacz\u0105\u0107 od du\u017cego i szerokiego pomys\u0142u na tre\u015b\u0107, na przyk\u0142ad: &#8222;Jak za\u0142o\u017cy\u0107 startup z niskim kapita\u0142em&#8221;. Nast\u0119pnie z pomys\u0142u rodzi si\u0119 tre\u015b\u0107, pami\u0119taj, \u017ce proste teksty s\u0105 najlepsze. Tre\u015b\u0107 musi zach\u0119ca\u0107 ludzi do czytania i polowania na wi\u0119cej informacji.<\/p>\n<p><strong>U\u017cywaj przyk\u0142ad\u00f3w<\/strong><br \/>Najbardziej udane historie startup\u00f3w na startup.info oferuj\u0105 cenne informacje dla powstaj\u0105cych startup\u00f3w i ma\u0142ych firm. B\u0105d\u017a konkretny. Porady, b\u0142\u0119dy, mog\u0105 by\u0107 \u0142atwo zrozumiane tylko dzi\u0119ki przyk\u0142adom, a czytelnicy potrafi\u0105 \u0142atwo odnie\u015b\u0107 je do siebie.<\/p>\n<p><strong>Posty sponsorowane<\/strong><br \/>Tak, akceptujemy posty sponsorowane z minimaln\u0105 kwot\u0105 pocz\u0105tkow\u0105 1000 z\u0142otych od firm, kt\u00f3re chcia\u0142yby zwi\u0119kszy\u0107 swoj\u0105 widoczno\u015b\u0107 jednocze\u015bnie sponsoruj\u0105c przydatne tre\u015bci. Na przyk\u0142ad, firma mog\u0142aby podzieli\u0107 si\u0119 swoj\u0105 histori\u0105 od startupu do zenitu, jak si\u0119 rozwija\u0142a, jakie napotyka\u0142a przeszkody i wyzwania podczas swojej udanej podr\u00f3\u017cy.<\/p>\n<p>Akceptujemy posty go\u015bcinne tylko dla p\u0142atnych link\u00f3w lub post\u00f3w sponsorowanych z minimaln\u0105 cen\u0105 wywo\u0142awcz\u0105 1000 z\u0142otych. Aby uzyska\u0107 wi\u0119cej szczeg\u00f3\u0142\u00f3w, mo\u017cesz skontaktowa\u0107 si\u0119 z nami poprzez formularz na ko\u0144cu tej strony.<\/p>\n<h2><strong>Czego nie publikujemy?<\/strong><\/h2>\n<p><strong>&nbsp;<\/strong><\/p>\n<p><strong>Zbyt du\u017co promocji<\/strong><br \/>Je\u015bli jeste\u015b ch\u0119tny do pisania dla nas, zawsze pami\u0119taj, \u017ce posty go\u015bcinne to spos\u00f3b na pokazanie czytelnikom swojej wiedzy i do\u015bwiadczenia w danej dziedzinie. Nie s\u0105 one platform\u0105 do nadmiernego promowania us\u0142ug, ofert lub firm. Uwaga, nasi czytelnicy przychodz\u0105 po historie sukcesu, porady i wskaz\u00f3wki, jak rozpocz\u0105\u0107 i prowadzi\u0107 udany startup.<\/p>\n<p><strong>Ju\u017c opublikowane tre\u015bci<\/strong><br \/>Nie publikujemy artyku\u0142\u00f3w, kt\u00f3re zosta\u0142y ju\u017c opublikowane na naszej stronie. Nawet je\u015bli wprowadzi\u0142e\u015b do nich jakie\u015b zmiany. Akceptujemy tylko unikalne i oryginalne teksty.<\/p>\n<p><strong>Skopiowane tre\u015bci<\/strong><br \/>Nie akceptujemy kopiowanych lub plagiatowanych tre\u015bci na naszej stronie. Jest to powa\u017cne naruszenie naszej polityki, kt\u00f3re mo\u017ce doprowadzi\u0107 do trwa\u0142ej dezaktywacji i usuni\u0119cia twojego konta.<\/p>\n<p><strong>Wprowadzaj\u0105ce w b\u0142\u0105d informacje<\/strong><br \/>Nie powiniene\u015b umieszcza\u0107 \u017cadnych fa\u0142szywych informacji lub danych w swoich tre\u015bciach. Musisz da\u0107 odpowiednie cytaty, kredyty i cytowa\u0107 \u017ar\u00f3d\u0142o informacji w artykule. Zawsze staraj si\u0119 u\u017cywa\u0107 wiarygodnych informacji z autorytatywnych stron lub \u017ar\u00f3de\u0142 i odpowiednio je cytowa\u0107.<\/p>\n<p><strong>U\u017cywanie zdj\u0119\u0107\/obraz\u00f3w<\/strong><br \/>Nie powiniene\u015b dodawa\u0107 \u017cadnych zdj\u0119\u0107 ani obraz\u00f3w do swoich tre\u015bci przed ich wys\u0142aniem, poniewa\u017c ze wzgl\u0119du na kwestie praw autorskich, nie zezwalamy na to i je\u015bli jest to wymagane, dodamy je z naszej strony.<\/p>\n<p><strong>Wytyczne dotycz\u0105ce przesy\u0142ania artyku\u0142\u00f3w<\/strong><br \/>Wybierz tematy: Przed napisaniem artyku\u0142u, przejrzyj teksty na naszej stronie i zaproponuj trzy unikalne tematy, kt\u00f3re zmotywuj\u0105 Ci\u0119 do napisania rzeczowego, dobrze udokumentowanego artyku\u0142u.<\/p>\n<p>Przydzielanie tematu: Gdy otrzymamy Twoje zg\u0142oszenie, wybierzemy temat z podanych sugestii i damy zielone \u015bwiat\u0142o na napisanie artyku\u0142u.<\/p>\n<p>Preferujemy zg\u0142oszenia w formie dokument\u00f3w Google, aby redaktorzy mogli \u0142atwo przekazywa\u0107 informacje zwrotne i wskaz\u00f3wki bezpo\u015brednio w Twojej wersji roboczej.<\/p>\n<p>Limit s\u0142\u00f3w: Dopuszczamy tylko minimalny limit 1000 s\u0142\u00f3w.<\/p>\n<p>Formatowanie podtytu\u0142\u00f3w: Podtytu\u0142y s\u0105 mile widziane, znaczniki H1, i H2 w zale\u017cno\u015bci od potrzeby.<\/p>\n<p>Dodaj linki: Dodaj 1-2 linki wewn\u0119trzne<\/p>\n<p>Bez plagiatu: Prace unikalne w 100%<\/p>\n<p>Autor: Mo\u017cesz do\u0142\u0105czy\u0107 osobiste zdj\u0119cie i kr\u00f3tkie bio autora.<\/p>\n<p>Zarys tre\u015bci: Nakre\u015bl tre\u015b\u0107 i kr\u00f3tko j\u0105 om\u00f3w.<\/p>\n<p>Czas zatwierdzenia: Je\u015bli jest to post sponsorowany, w ci\u0105gu 1-2 dni roboczych, najlepsza sugestia zostanie zatwierdzona a Ty otrzymasz mailowe powiadomienie.<\/p>\n<p>Korekta: Po opublikowaniu artyku\u0142u, nie zezwalamy na poprawki, je\u015bli jest to bardzo konieczne, mo\u017cemy osobi\u015bcie wprowadzi\u0107 zmiany.<\/p>\n<p>Je\u015bli wszystko p\u00f3jdzie dobrze, opublikujemy Tw\u00f3j artyku\u0142 w ci\u0105gu tygodnia i wy\u015blemy Ci do niego link.<\/p>\n<h2>Kto mo\u017ce wys\u0142a\u0107 post?<\/h2>\n<p>&nbsp;<\/p>\n<p>Akceptujemy tylko indywidualnych autor\u00f3w, firmy startupowe, profesjonalnych pisarzy lub freelancer\u00f3w. Preferujemy tre\u015bci od bloger\u00f3w, za\u0142o\u017cycieli startup\u00f3w i tw\u00f3rc\u00f3w, kt\u00f3rzy posiadaj\u0105 dog\u0142\u0119bn\u0105 wiedz\u0119, a nie tylko z og\u00f3ln\u0105 wiedz\u0105 biznesow\u0105, startupow\u0105 lub marketingow\u0105.<\/p>\n<p>Twoje teksty powinny pokazywa\u0107, \u017ce jeste\u015b w stanie zaoferowa\u0107 unikalne, taktyczne spostrze\u017cenia, inspirowane Twoim praktycznym do\u015bwiadczeniem; posty, kt\u00f3re oferuj\u0105 porady, innowacje, historie sukcesu, itp.<\/p>\n<h2>Czym s\u0105 wpisy go\u015bcinne i jakie s\u0105 z nich korzy\u015bci?<\/h2>\n<p>&nbsp;<\/p>\n<p>Wpisy go\u015bcinne, najpro\u015bciej rzecz ujmuj\u0105c, mo\u017cna rozumie\u0107 jako pisanie tre\u015bci na stron\u0119 internetow\u0105 innej firmy. Wiele stron internetowych zaprasza i zezwala autorom na pisanie post\u00f3w go\u015bcinnych lub sponsorowanych. Maj\u0105 one nawet dedykowan\u0105 stron\u0119 dla&nbsp;wpis\u00f3w&nbsp;go\u015bcinnych. W wi\u0119kszo\u015bci przypadk\u00f3w blogerzy go\u015bcinni lub autorzy podchodz\u0105 do stron internetowych z tej samej niszy lub bran\u017cy, aby uzyska\u0107:<\/p>\n<p>Wi\u0119kszy autorytet<br \/>Wi\u0119ksz\u0105 widoczno\u015b\u0107<br \/>Wi\u0119cej koneksji w tej samej bran\u017cy<\/p>\n<p>Nale\u017cy zauwa\u017cy\u0107, \u017ce blogowanie go\u015bcinne lub posty sponsorowane nie tylko przynosz\u0105 korzy\u015bci autorowi, ale tak\u017ce stronie internetowej publikuj\u0105cej te tre\u015bci.<\/p>\n<h2>Dlaczego wpisy go\u015bcinne s\u0105 wa\u017cne dla Twojego biznesu?<\/h2>\n<p>&nbsp;<\/p>\n<p>Posty go\u015bcinne to jedna z najbardziej popularnych strategii, kt\u00f3r\u0105 ka\u017cda firma wykorzystuje od d\u0142u\u017cszego czasu. Zapewnia ona wiele korzy\u015bci dla ka\u017cdego rodzaju biznesu. Otrzymujesz w ten spos\u00f3b sceneri\u0119 do zaprezentowania swojego do\u015bwiadczenia i cennych pomys\u0142\u00f3w\/wiedzy, tak aby\u015b m\u00f3g\u0142 si\u0119 umocni\u0107 jako autorytet na rynku. Pomagaj\u0105c w budowaniu relacji z liderami rynku i zwi\u0119kszaj\u0105c widoczno\u015b\u0107.<\/p>\n<p>Zatem, na co czekasz! Wy\u015blij nam wpis go\u015bcinny ju\u017c dzi\u015b!<\/p>\n<p>U\u017cyj formularza kontaktowego poni\u017cej a otrzymasz odpowied\u017a zwrotn\u0105 ju\u017c dzi\u015b.<\/p>\n<\/p>\n<p><b>Prosimy o kontakt tylko dla p\u0142atnych post\u00f3w. Nasze ceny zaczynaj\u0105 si\u0119 od 1000 z\u0142otych<\/b><\/p>\n<p><strong style=\"font-size: 17.6px;\">Phone : +33 7 69 49 25 08<\/strong>\u00a0(Whastapp lub zadzwo\u0144 )<\/p>\n","protected":false},"excerpt":{"rendered":"<p>[Uwaga :&nbsp; Prosimy o kontakt tylko w sprawie p\u0142atnych post\u00f3w. Nasze ceny zaczynaj\u0105 si\u0119 od 1000 z\u0142otych. ] Witaj! Autorze tekst\u00f3w internetowych, spo\u0142eczno\u015b\u0107 startup.info wita g\u0142osy z wielu sfer na naszej wiod\u0105cej platformie startupowej, aby dla nas pisa\u0107. Nasza spo\u0142eczno\u015b\u0107 jest szybko rozwijaj\u0105c\u0105 si\u0119 stron\u0105 startupow\u0105 z przeci\u0119tn\u0105 miesi\u0119czn\u0105 liczb\u0105 100k+ odwiedzaj\u0105cych, kt\u00f3rzy szukaj\u0105 historii [&hellip;]<\/p>\n","protected":false},"author":868,"featured_media":307002,"parent":0,"menu_order":0,"comment_status":"open","ping_status":"closed","template":"page-fullwidth.php","meta":{"footnotes":"","_links_to":"","_links_to_target":""},"class_list":["post-155298","page","type-page","status-publish","has-post-thumbnail","hentry"],"_links":{"self":[{"href":"https:\/\/startup.info\/pl\/wp-json\/wp\/v2\/pages\/155298","targetHints":{"allow":["GET"]}}],"collection":[{"href":"https:\/\/startup.info\/pl\/wp-json\/wp\/v2\/pages"}],"about":[{"href":"https:\/\/startup.info\/pl\/wp-json\/wp\/v2\/types\/page"}],"author":[{"embeddable":true,"href":"https:\/\/startup.info\/pl\/wp-json\/wp\/v2\/users\/868"}],"replies":[{"embeddable":true,"href":"https:\/\/startup.info\/pl\/wp-json\/wp\/v2\/comments?post=155298"}],"version-history":[{"count":0,"href":"https:\/\/startup.info\/pl\/wp-json\/wp\/v2\/pages\/155298\/revisions"}],"wp:featuredmedia":[{"embeddable":true,"href":"https:\/\/startup.info\/pl\/wp-json\/wp\/v2\/media\/307002"}],"wp:attachment":[{"href":"https:\/\/startup.info\/pl\/wp-json\/wp\/v2\/media?parent=155298"}],"curies":[{"name":"wp","href":"https:\/\/api.w.org\/{rel}","templated":true}]}}